{"id":1,"date":"2023-08-23T18:50:39","date_gmt":"2023-08-23T16:50:39","guid":{"rendered":"https:\/\/ciclocae.iessapereaude.com\/?p=1"},"modified":"2024-11-26T20:23:04","modified_gmt":"2024-11-26T19:23:04","slug":"inicio","status":"publish","type":"page","link":"https:\/\/ciclocae.iessapereaude.com\/","title":{"rendered":"Inicio"},"content":{"rendered":"\t\t<div data-elementor-type=\"wp-page\" data-elementor-id=\"1\" class=\"elementor elementor-1\">\n\t\t\t\t\t\t\t\t\t<section class=\"elementor-section elementor-top-section elementor-element elementor-element-02894ba elementor-section-stretched elementor-section-boxed elementor-section-height-default elementor-section-height-default\" data-id=\"02894ba\" data-element_type=\"section\" data-settings=\"{&quot;stretch_section&quot;:&quot;section-stretched&quot;}\">\n\t\t\t\t\t\t<div class=\"elementor-container elementor-column-gap-default\">\n\t\t\t\t\t<div class=\"elementor-column elementor-col-100 elementor-top-column elementor-element elementor-element-d6ce94d\" data-id=\"d6ce94d\" data-element_type=\"column\">\n\t\t\t<div class=\"elementor-widget-wrap elementor-element-populated\">\n\t\t\t\t\t\t\t\t<div class=\"elementor-element elementor-element-cfe4ef0 elementor-widget elementor-widget-image\" data-id=\"cfe4ef0\" data-element_type=\"widget\" data-widget_type=\"image.default\">\n\t\t\t\t<div class=\"elementor-widget-container\">\n\t\t\t<style>\/*! elementor - v3.15.0 - 20-08-2023 *\/\n.elementor-widget-image{text-align:center}.elementor-widget-image a{display:inline-block}.elementor-widget-image a img[src$=\".svg\"]{width:48px}.elementor-widget-image img{vertical-align:middle;display:inline-block}<\/style>\t\t\t\t\t\t\t\t\t\t\t\t<img loading=\"lazy\" decoding=\"async\" width=\"1024\" height=\"383\" src=\"https:\/\/ciclocae.iessapereaude.com\/wp-content\/uploads\/2023\/08\/cabecera-web-cae-99-1024x383.gif\" class=\"attachment-large size-large wp-image-170\" alt=\"\" srcset=\"https:\/\/ciclocae.iessapereaude.com\/wp-content\/uploads\/2023\/08\/cabecera-web-cae-99-1024x383.gif 1024w, https:\/\/ciclocae.iessapereaude.com\/wp-content\/uploads\/2023\/08\/cabecera-web-cae-99-300x112.gif 300w, https:\/\/ciclocae.iessapereaude.com\/wp-content\/uploads\/2023\/08\/cabecera-web-cae-99-768x287.gif 768w, https:\/\/ciclocae.iessapereaude.com\/wp-content\/uploads\/2023\/08\/cabecera-web-cae-99-1536x574.gif 1536w, https:\/\/ciclocae.iessapereaude.com\/wp-content\/uploads\/2023\/08\/cabecera-web-cae-99-2048x765.gif 2048w\" sizes=\"auto, (max-width: 1024px) 100vw, 1024px\" \/>\t\t\t\t\t\t\t\t\t\t\t\t\t\t\t<\/div>\n\t\t\t\t<\/div>\n\t\t\t\t\t<\/div>\n\t\t<\/div>\n\t\t\t\t\t\t\t<\/div>\n\t\t<\/section>\n\t\t\t\t<section class=\"elementor-section elementor-top-section elementor-element elementor-element-4714f4d elementor-section-boxed elementor-section-height-default elementor-section-height-default\" data-id=\"4714f4d\" data-element_type=\"section\">\n\t\t\t\t\t\t<div class=\"elementor-container elementor-column-gap-default\">\n\t\t\t\t\t<div class=\"elementor-column elementor-col-100 elementor-top-column elementor-element elementor-element-9b75417\" data-id=\"9b75417\" data-element_type=\"column\">\n\t\t\t<div class=\"elementor-widget-wrap elementor-element-populated\">\n\t\t\t\t\t\t\t\t<div class=\"elementor-element elementor-element-d490458 elementor-widget elementor-widget-text-editor\" data-id=\"d490458\" data-element_type=\"widget\" data-widget_type=\"text-editor.default\">\n\t\t\t\t<div class=\"elementor-widget-container\">\n\t\t\t<style>\/*! elementor - v3.15.0 - 20-08-2023 *\/\n.elementor-widget-text-editor.elementor-drop-cap-view-stacked .elementor-drop-cap{background-color:#69727d;color:#fff}.elementor-widget-text-editor.elementor-drop-cap-view-framed .elementor-drop-cap{color:#69727d;border:3px solid;background-color:transparent}.elementor-widget-text-editor:not(.elementor-drop-cap-view-default) .elementor-drop-cap{margin-top:8px}.elementor-widget-text-editor:not(.elementor-drop-cap-view-default) .elementor-drop-cap-letter{width:1em;height:1em}.elementor-widget-text-editor .elementor-drop-cap{float:left;text-align:center;line-height:1;font-size:50px}.elementor-widget-text-editor .elementor-drop-cap-letter{display:inline-block}<\/style>\t\t\t\t<h5 style=\"text-align: right;\"><a href=\"https:\/\/ciclocae.iessapereaude.com\/?page_id=498\"><span style=\"color: #993366;\"><strong>INTRANET<\/strong><\/span><\/a><\/h5><p>El t\u00edtulo de T\u00e9cnico en Cuidados Auxiliares de Enfermer\u00eda proporciona la formaci\u00f3n necesaria para trabajos que implican cuidados auxiliares al paciente o cliente y actuar sobre las condiciones sanitarias de su entorno, como miembro de un equipo de enfermer\u00eda en los centros sanitarios de atenci\u00f3n<br \/>especializada y de atenci\u00f3n primaria, bajo la dependencia del diplomado en enfermer\u00eda o, en su caso como miembro de un equipo de salud en la asistencia derivada de la pr\u00e1ctica del ejercicio liberal. Podr\u00e1 ejercer su actividad laboral fundamentalmente en el sector sanitario, en atenci\u00f3n primaria y comunitaria: domiciliaria, promoci\u00f3n de la salud, salud bucodental, consultas y residencias de ancianos; en atenci\u00f3n especializada: consultas, hospitalizaci\u00f3n, urgencias y unidades especiales; en centros balneoter\u00e1picos y en departamentos de asuntos sociales de Ministerios, Comunidades Aut\u00f3nomas y Ayuntamientos.<\/p><ul><li>D\u00edptico informativo. Ciclo Formativo de Cuidados Auxiliares de Enfermer\u00eda. IES Sapere Aude. <a href=\"https:\/\/drive.google.com\/file\/d\/1U9RpmxBTKqvWwZFR6na0fZoivyuP0r0Y\/view?usp=sharing\">Descargar<\/a><\/li><li>Ficha informativa. T\u00e9cnico en Cuidados Auxiliares de Enfermer\u00eda. <a href=\"https:\/\/www.comunidad.madrid\/sites\/default\/files\/doc\/educacion\/fp\/FP-Ensenanza-SAN201-LOGSE-Ficha.pdf\">Acceder<\/a><\/li><li><p dir=\"ltr\">Asociaci\u00f3n de Centros de Formaci\u00f3n Profesional <strong>FPEmpresa.<\/strong> <span style=\"font-size: 16px;\">N\u00ba de socio 682. <\/span><a style=\"font-size: 16px; background-color: #ffffff;\" href=\"https:\/\/fpempresa.net\/\">Acceder<\/a><\/p><\/li><li>Informaci\u00f3n sobre la admisi\u00f3n a los Ciclos Formativos en la Comunidad de Madrid. <a href=\"https:\/\/www.comunidad.madrid\/servicios\/educacion\/admision-formacion-profesional\">Acceder<\/a><\/li><li style=\"text-align: left;\">Presentaci\u00f3n del ciclo. <a href=\"https:\/\/docs.google.com\/presentation\/d\/1vdwqujrWFQt-9Sq4yEM8ZCoMsqshga-P\/edit?usp=drive_link&amp;ouid=103372120530811680095&amp;rtpof=true&amp;sd=true\">Descargar<\/a><\/li><li>Certificados profesionales. <a href=\"https:\/\/todofp.es\/que-estudiar\/certificados-profesionalidad.html\">Acceder<\/a><\/li><li>Certificados profesional. Comunidad de Madrid. <a href=\"https:\/\/www.comunidad.madrid\/servicios\/empleo\/certificados-profesionales\">Acceder<\/a><\/li><\/ul>\t\t\t\t\t\t<\/div>\n\t\t\t\t<\/div>\n\t\t\t\t\t<\/div>\n\t\t<\/div>\n\t\t\t\t\t\t\t<\/div>\n\t\t<\/section>\n\t\t\t\t\t\t\t<\/div>\n\t\t","protected":false},"excerpt":{"rendered":"<p>INTRANET El t\u00edtulo de T\u00e9cnico en Cuidados Auxiliares de Enfermer\u00eda proporciona la formaci\u00f3n necesaria para trabajos que implican cuidados auxiliares al paciente o cliente y actuar sobre las condiciones sanitarias de su entorno, como miembro de un equipo de enfermer\u00eda en los centros sanitarios de atenci\u00f3nespecializada y de atenci\u00f3n primaria, bajo la dependencia del diplomado &hellip;<\/p>\n<p class=\"read-more\"> <a class=\"\" href=\"https:\/\/ciclocae.iessapereaude.com\/\"> <span class=\"screen-reader-text\">Inicio<\/span> Leer m\u00e1s &raquo;<\/a><\/p>\n","protected":false},"author":1,"featured_media":0,"parent":0,"menu_order":0,"comment_status":"closed","ping_status":"closed","template":"","meta":{"site-sidebar-layout":"default","site-content-layout":"","ast-site-content-layout":"default","site-content-style":"default","site-sidebar-style":"default","ast-global-header-display":"","ast-banner-title-visibility":"","ast-main-header-display":"","ast-hfb-above-header-display":"","ast-hfb-below-header-display":"","ast-hfb-mobile-header-display":"","site-post-title":"","ast-breadcrumbs-content":"","ast-featured-img":"","footer-sml-layout":"","theme-transparent-header-meta":"","adv-header-id-meta":"","stick-header-meta":"","header-above-stick-meta":"","header-main-stick-meta":"","header-below-stick-meta":"","astra-migrate-meta-layouts":"","footnotes":""},"class_list":["post-1","page","type-page","status-publish","hentry"],"_links":{"self":[{"href":"https:\/\/ciclocae.iessapereaude.com\/index.php?rest_route=\/wp\/v2\/pages\/1","targetHints":{"allow":["GET"]}}],"collection":[{"href":"https:\/\/ciclocae.iessapereaude.com\/index.php?rest_route=\/wp\/v2\/pages"}],"about":[{"href":"https:\/\/ciclocae.iessapereaude.com\/index.php?rest_route=\/wp\/v2\/types\/page"}],"author":[{"embeddable":true,"href":"https:\/\/ciclocae.iessapereaude.com\/index.php?rest_route=\/wp\/v2\/users\/1"}],"replies":[{"embeddable":true,"href":"https:\/\/ciclocae.iessapereaude.com\/index.php?rest_route=%2Fwp%2Fv2%2Fcomments&post=1"}],"version-history":[{"count":63,"href":"https:\/\/ciclocae.iessapereaude.com\/index.php?rest_route=\/wp\/v2\/pages\/1\/revisions"}],"predecessor-version":[{"id":667,"href":"https:\/\/ciclocae.iessapereaude.com\/index.php?rest_route=\/wp\/v2\/pages\/1\/revisions\/667"}],"wp:attachment":[{"href":"https:\/\/ciclocae.iessapereaude.com\/index.php?rest_route=%2Fwp%2Fv2%2Fmedia&parent=1"}],"curies":[{"name":"wp","href":"https:\/\/api.w.org\/{rel}","templated":true}]}}