{"id":15,"date":"2023-08-23T19:04:36","date_gmt":"2023-08-23T17:04:36","guid":{"rendered":"https:\/\/ciclocae.iessapereaude.com\/?page_id=15"},"modified":"2025-02-12T21:27:29","modified_gmt":"2025-02-12T20:27:29","slug":"tramites-secretaria","status":"publish","type":"page","link":"https:\/\/ciclocae.iessapereaude.com\/?page_id=15","title":{"rendered":"Tr\u00e1mites"},"content":{"rendered":"\t\t<div data-elementor-type=\"wp-page\" data-elementor-id=\"15\" class=\"elementor elementor-15\">\n\t\t\t\t\t\t\t\t\t<section class=\"elementor-section elementor-top-section elementor-element elementor-element-383d322 elementor-section-boxed elementor-section-height-default elementor-section-height-default\" data-id=\"383d322\" data-element_type=\"section\">\n\t\t\t\t\t\t<div class=\"elementor-container elementor-column-gap-default\">\n\t\t\t\t\t<div class=\"elementor-column elementor-col-100 elementor-top-column elementor-element elementor-element-30f0bbc\" data-id=\"30f0bbc\" data-element_type=\"column\">\n\t\t\t<div class=\"elementor-widget-wrap elementor-element-populated\">\n\t\t\t\t\t\t\t\t<div class=\"elementor-element elementor-element-e934839 elementor-widget elementor-widget-heading\" data-id=\"e934839\" data-element_type=\"widget\" data-widget_type=\"heading.default\">\n\t\t\t\t<div class=\"elementor-widget-container\">\n\t\t\t<style>\/*! elementor - v3.15.0 - 20-08-2023 *\/\n.elementor-heading-title{padding:0;margin:0;line-height:1}.elementor-widget-heading .elementor-heading-title[class*=elementor-size-]>a{color:inherit;font-size:inherit;line-height:inherit}.elementor-widget-heading .elementor-heading-title.elementor-size-small{font-size:15px}.elementor-widget-heading .elementor-heading-title.elementor-size-medium{font-size:19px}.elementor-widget-heading .elementor-heading-title.elementor-size-large{font-size:29px}.elementor-widget-heading .elementor-heading-title.elementor-size-xl{font-size:39px}.elementor-widget-heading .elementor-heading-title.elementor-size-xxl{font-size:59px}<\/style><h2 class=\"elementor-heading-title elementor-size-default\">Tr\u00e1mites<\/h2>\t\t<\/div>\n\t\t\t\t<\/div>\n\t\t\t\t\t<\/div>\n\t\t<\/div>\n\t\t\t\t\t\t\t<\/div>\n\t\t<\/section>\n\t\t\t\t<section class=\"elementor-section elementor-top-section elementor-element elementor-element-9eb405d elementor-section-boxed elementor-section-height-default elementor-section-height-default\" data-id=\"9eb405d\" data-element_type=\"section\">\n\t\t\t\t\t\t<div class=\"elementor-container elementor-column-gap-default\">\n\t\t\t\t\t<div class=\"elementor-column elementor-col-100 elementor-top-column elementor-element elementor-element-674edb3\" data-id=\"674edb3\" data-element_type=\"column\">\n\t\t\t<div class=\"elementor-widget-wrap elementor-element-populated\">\n\t\t\t\t\t\t\t\t<section class=\"elementor-section elementor-inner-section elementor-element elementor-element-8ad84d4 elementor-section-boxed elementor-section-height-default elementor-section-height-default\" data-id=\"8ad84d4\" data-element_type=\"section\">\n\t\t\t\t\t\t<div class=\"elementor-container elementor-column-gap-default\">\n\t\t\t\t\t<div class=\"elementor-column elementor-col-50 elementor-inner-column elementor-element elementor-element-8ea0d69\" data-id=\"8ea0d69\" data-element_type=\"column\">\n\t\t\t<div class=\"elementor-widget-wrap elementor-element-populated\">\n\t\t\t\t\t\t\t\t<div class=\"elementor-element elementor-element-71cecbc elementor-widget elementor-widget-heading\" data-id=\"71cecbc\" data-element_type=\"widget\" data-widget_type=\"heading.default\">\n\t\t\t\t<div class=\"elementor-widget-container\">\n\t\t\t<h5 class=\"elementor-heading-title elementor-size-default\">FCT. Exenci\u00f3n<\/h5>\t\t<\/div>\n\t\t\t\t<\/div>\n\t\t\t\t<div class=\"elementor-element elementor-element-cdfffd3 elementor-widget elementor-widget-text-editor\" data-id=\"cdfffd3\" data-element_type=\"widget\" data-widget_type=\"text-editor.default\">\n\t\t\t\t<div class=\"elementor-widget-container\">\n\t\t\t<style>\/*! elementor - v3.15.0 - 20-08-2023 *\/\n.elementor-widget-text-editor.elementor-drop-cap-view-stacked .elementor-drop-cap{background-color:#69727d;color:#fff}.elementor-widget-text-editor.elementor-drop-cap-view-framed .elementor-drop-cap{color:#69727d;border:3px solid;background-color:transparent}.elementor-widget-text-editor:not(.elementor-drop-cap-view-default) .elementor-drop-cap{margin-top:8px}.elementor-widget-text-editor:not(.elementor-drop-cap-view-default) .elementor-drop-cap-letter{width:1em;height:1em}.elementor-widget-text-editor .elementor-drop-cap{float:left;text-align:center;line-height:1;font-size:50px}.elementor-widget-text-editor .elementor-drop-cap-letter{display:inline-block}<\/style>\t\t\t\t<ul><li style=\"list-style-type: none;\"><ul><li style=\"font-size: 16px;\">Instrucciones para la solicitud de exenci\u00f3n.\u00a0<a href=\"https:\/\/drive.google.com\/file\/d\/1J9A1cs3E3QVowNbgsLVL7AyyZMWAoMzG\/view?usp=sharing\">Descargar<\/a><\/li><li style=\"font-size: 16px;\">Solicitud de exenci\u00f3n m\u00f3dulo de FCT.\u00a0<a href=\"https:\/\/docs.google.com\/document\/d\/1JBIpkCdEJqbs5UnAiXOi4OxvLTGpf7WR\/edit?usp=sharing&amp;ouid=103372120530811680095&amp;rtpof=true&amp;sd=true\">Descargar<\/a><\/li><li>Informe del equipo docente. <a href=\"https:\/\/docs.google.com\/document\/d\/11m6BE_XW9Ilfct2E1YWZdrxDJEKy5RM7\/edit?usp=sharing&amp;ouid=103372120530811680095&amp;rtpof=true&amp;sd=true\">Descargar<\/a><\/li><li>Resoluci\u00f3n de exenci\u00f3n del m\u00f3dulo de FCT. <a href=\"https:\/\/drive.google.com\/file\/d\/1VmgAQSqm2zneViZSpcMBahVfMDchGVmE\/view?usp=sharing\">Descargar<\/a><\/li><\/ul><\/li><\/ul>\t\t\t\t\t\t<\/div>\n\t\t\t\t<\/div>\n\t\t\t\t<div class=\"elementor-element elementor-element-e2708e6 elementor-widget elementor-widget-heading\" data-id=\"e2708e6\" data-element_type=\"widget\" data-widget_type=\"heading.default\">\n\t\t\t\t<div class=\"elementor-widget-container\">\n\t\t\t<h5 class=\"elementor-heading-title elementor-size-default\">FCT. Aplazamiento de la calificaci\u00f3n <\/h5>\t\t<\/div>\n\t\t\t\t<\/div>\n\t\t\t\t<div class=\"elementor-element elementor-element-28a7029 elementor-widget elementor-widget-text-editor\" data-id=\"28a7029\" data-element_type=\"widget\" data-widget_type=\"text-editor.default\">\n\t\t\t\t<div class=\"elementor-widget-container\">\n\t\t\t\t\t\t\t<ul style=\"font-size: 16px; font-style: normal; font-weight: 400;\"><li style=\"font-size: 16px;\">Solicitud de aplazamiento de la calificaci\u00f3n de FCT.\u00a0<a href=\"https:\/\/drive.google.com\/file\/d\/1LFCAfoPYM5oTI9WU54d3QTFd2HvKWhfm\/view?usp=sharing\">Descargar<\/a><\/li><\/ul>\t\t\t\t\t\t<\/div>\n\t\t\t\t<\/div>\n\t\t\t\t<div class=\"elementor-element elementor-element-50e5653 elementor-widget elementor-widget-heading\" data-id=\"50e5653\" data-element_type=\"widget\" data-widget_type=\"heading.default\">\n\t\t\t\t<div class=\"elementor-widget-container\">\n\t\t\t<h5 class=\"elementor-heading-title elementor-size-default\">FCT. Alta en el R\u00e9gimen General de la Seguridad Social<\/h5>\t\t<\/div>\n\t\t\t\t<\/div>\n\t\t\t\t<div class=\"elementor-element elementor-element-0a746f2 elementor-widget elementor-widget-text-editor\" data-id=\"0a746f2\" data-element_type=\"widget\" data-widget_type=\"text-editor.default\">\n\t\t\t\t<div class=\"elementor-widget-container\">\n\t\t\t\t\t\t\t<ul><li><p>Todo el alumnado matriculado en ciclos formativos de formaci\u00f3n profesional de la Comunidad de Madrid tendr\u00e1 que tener asignado un\u00a0<strong>n\u00famero de afiliaci\u00f3n a la Seguridad Social (NAF) propio,\u00a0<\/strong>antes de comenzar la formaci\u00f3n en la empresa.<\/p><p>Para poder realizar este tr\u00e1mite es imprescindible contar con Documento Nacional de Identidad (DNI), N\u00famero de Identidad de Extranjero (NIE) o Pasaporte.<\/p><\/li><li><p><u><\/u><u><\/u><u><\/u><span style=\"font-style: inherit; font-weight: inherit; color: var( --e-global-color-text ); font-family: var( --e-global-typography-text-font-family ), Sans-serif; background-color: var(--ast-global-color-5);\">En caso de no disponer de uno, podr\u00e1 solicitarlo a trav\u00e9s de\u00a0<\/span><a id=\"m_-1791277731317965252m_877975272352193086menurbq\" style=\"font-style: inherit; font-weight: inherit; font-family: var( --e-global-typography-text-font-family ), Sans-serif;\" title=\"https:\/\/portal.seg-social.gob.es\/wps\/portal\/importass\/importass\/categorias\/altas%2c+bajas+y+modificaciones\/altas+y+afiliacion+de+trabajadores\/solicitar+el+numero+de+la+seguridad+social\" href=\"https:\/\/portal.seg-social.gob.es\/wps\/portal\/importass\/importass\/Categorias\/Altas%2C+bajas+y+modificaciones\/Altas+y+afiliacion+de+trabajadores\/Solicitar+el+numero+de+la+Seguridad+Social\" target=\"_blank\" rel=\"noopener\" data-saferedirecturl=\"https:\/\/www.google.com\/url?q=https:\/\/portal.seg-social.gob.es\/wps\/portal\/importass\/importass\/Categorias\/Altas%252C%2Bbajas%2By%2Bmodificaciones\/Altas%2By%2Bafiliacion%2Bde%2Btrabajadores\/Solicitar%2Bel%2Bnumero%2Bde%2Bla%2BSeguridad%2BSocial&amp;source=gmail&amp;ust=1726166525141000&amp;usg=AOvVaw1G6xUHb6in_vh02pPx9PyR\">este enlace<\/a><span style=\"font-style: inherit; font-weight: inherit; color: var( --e-global-color-text ); font-family: var( --e-global-typography-text-font-family ), Sans-serif; background-color: var(--ast-global-color-5);\">\u00a0a Import@ss, con los m\u00e9todos de identificaci\u00f3n v\u00eda SMS, con Cl@ve o certificado digital.<\/span><\/p><\/li><li>N\u00ba\u00a0NAF\u00a0de la S Social\u00a0 a trav\u00e9s de <a href=\"https:\/\/www.seg-social.es\/wps\/portal\/wss\/internet\/HerramientasWeb\/9083f0b1-1cf1-411e-b483-7551440fa1a7\/4889b709-f973-4cdf-9938-03ce2d6793b5\/42e61207-c6be-46f6-b875-864a20c0c9b7\">este enlace<\/a> para que puedan completar los tr\u00e1mites.<\/li><\/ul>\t\t\t\t\t\t<\/div>\n\t\t\t\t<\/div>\n\t\t\t\t<div class=\"elementor-element elementor-element-588e260 elementor-widget elementor-widget-heading\" data-id=\"588e260\" data-element_type=\"widget\" data-widget_type=\"heading.default\">\n\t\t\t\t<div class=\"elementor-widget-container\">\n\t\t\t<h5 class=\"elementor-heading-title elementor-size-default\">FCT. Compensaci\u00f3n de gastos por realizaci\u00f3n de FCT<\/h5>\t\t<\/div>\n\t\t\t\t<\/div>\n\t\t\t\t<div class=\"elementor-element elementor-element-a464ea8 elementor-widget elementor-widget-text-editor\" data-id=\"a464ea8\" data-element_type=\"widget\" data-widget_type=\"text-editor.default\">\n\t\t\t\t<div class=\"elementor-widget-container\">\n\t\t\t\t\t\t\t<ul><li>Solicitud de compensaci\u00f3n de gastos de FCT.\u00a0<a href=\"https:\/\/drive.google.com\/file\/d\/110GQ4izfHY9VhWyeF5mL8-Pxd7szvIIL\/view?usp=sharing\">Instrucciones<\/a>.\u00a0<a href=\"https:\/\/drive.google.com\/file\/d\/10pkrBqiE_BhHwGN99SUUABsgu-63Fr40\/view?usp=sharing\">Modelo de solicitud<\/a><\/li><li>Procedimiento para la realizaci\u00f3n de convenios con empresas (Aplicaci\u00f3n CAM). Acceder<\/li><li>Instrucciones de la direcci\u00f3n general de educaci\u00f3n secundaria, Formaci\u00f3n profesional y r\u00e9gimen especial, por las que se regula el Procedimiento de compensaci\u00f3n de gastos de desplazamiento asociados a la Fase de Formaci\u00f3n en Empresa u organismos equiparado, al M\u00f3dulo de Formaci\u00f3n en Centros de Trabajo y a las movilidades formativas Erasmus+ para pr\u00e1cticas en empresas u organismos equiparados (15\/01\/2025) <strong>(Los anexos se solicitan en la DAT en su momento)<\/strong>.\u00a0<a href=\"https:\/\/drive.google.com\/file\/d\/1FsMpRFVUwzpV_iEVuC71qqq8OWhlS9le\/view?usp=sharing\">Acceder<\/a><\/li><\/ul>\t\t\t\t\t\t<\/div>\n\t\t\t\t<\/div>\n\t\t\t\t<div class=\"elementor-element elementor-element-ebbc8f4 elementor-widget elementor-widget-heading\" data-id=\"ebbc8f4\" data-element_type=\"widget\" data-widget_type=\"heading.default\">\n\t\t\t\t<div class=\"elementor-widget-container\">\n\t\t\t<h5 class=\"elementor-heading-title elementor-size-default\">FCT. Fuera de la Comunidad de Madrid<\/h5>\t\t<\/div>\n\t\t\t\t<\/div>\n\t\t\t\t<div class=\"elementor-element elementor-element-f12e68e elementor-widget elementor-widget-text-editor\" data-id=\"f12e68e\" data-element_type=\"widget\" data-widget_type=\"text-editor.default\">\n\t\t\t\t<div class=\"elementor-widget-container\">\n\t\t\t\t\t\t\t<ul>\n<li>La solicitud se realiza desde el centro.<\/li>\n<li>Se presenta el Anexo 6 y una memoria justificativa del mismo, las 3 copias de la relaci\u00f3n de alumnos (Anexo 2.1) con el espacio para la firma de Inspecci\u00f3n y una copia del programa formativo.&nbsp;<a href=\"https:\/\/docs.google.com\/document\/d\/1hxCG_znJgKM3Mp2xdzj6XY41L3I6jzn8\/edit?usp=sharing&amp;ouid=103372120530811680095&amp;rtpof=true&amp;sd=true\" target=\"_blank\">Descargar Anexo 6<\/a><\/li><li>La tramitaci\u00f3n requiere de informe de Inspecci\u00f3n y firma del Director de \u00c1rea<\/li><li>Presentar 20 d\u00edas antes del inicio d ela FCT<\/li><li>Si las firmas no son digitales, presentar los originales en el registro de la DAT.<\/li>\n<\/ul>\t\t\t\t\t\t<\/div>\n\t\t\t\t<\/div>\n\t\t\t\t<div class=\"elementor-element elementor-element-4557d22 elementor-widget elementor-widget-heading\" data-id=\"4557d22\" data-element_type=\"widget\" data-widget_type=\"heading.default\">\n\t\t\t\t<div class=\"elementor-widget-container\">\n\t\t\t<h5 class=\"elementor-heading-title elementor-size-default\">FCT. Da\u00f1os materiales<\/h5>\t\t<\/div>\n\t\t\t\t<\/div>\n\t\t\t\t<div class=\"elementor-element elementor-element-933037c elementor-widget elementor-widget-text-editor\" data-id=\"933037c\" data-element_type=\"widget\" data-widget_type=\"text-editor.default\">\n\t\t\t\t<div class=\"elementor-widget-container\">\n\t\t\t\t\t\t\t<ul style=\"font-size: 16px; font-style: normal; font-weight: 400;\"><li style=\"font-size: 16px;\">Protocolo de reclamaciones patrimoniales a la Comunidad de Madrid, en el caso de que durante la realizaci\u00f3n de la FCT se causen da\u00f1os materiales a terceros imputables a los alumnos en pr\u00e1cticas.\u00a0<a style=\"background-color: #ffffff;\" href=\"https:\/\/drive.google.com\/file\/d\/1LwR25qVE52ceWA96cY_uAYaVOY4Jgt-7\/view?usp=sharing\">Descarga<\/a><\/li><\/ul>\t\t\t\t\t\t<\/div>\n\t\t\t\t<\/div>\n\t\t\t\t\t<\/div>\n\t\t<\/div>\n\t\t\t\t<div class=\"elementor-column elementor-col-50 elementor-inner-column elementor-element elementor-element-e93a058\" data-id=\"e93a058\" data-element_type=\"column\">\n\t\t\t<div class=\"elementor-widget-wrap elementor-element-populated\">\n\t\t\t\t\t\t\t\t<div class=\"elementor-element elementor-element-f66be72 elementor-widget elementor-widget-heading\" data-id=\"f66be72\" data-element_type=\"widget\" data-widget_type=\"heading.default\">\n\t\t\t\t<div class=\"elementor-widget-container\">\n\t\t\t<h5 class=\"elementor-heading-title elementor-size-default\">Convalidaciones<\/h5>\t\t<\/div>\n\t\t\t\t<\/div>\n\t\t\t\t<div class=\"elementor-element elementor-element-8091c40 elementor-widget elementor-widget-text-editor\" data-id=\"8091c40\" data-element_type=\"widget\" data-widget_type=\"text-editor.default\">\n\t\t\t\t<div class=\"elementor-widget-container\">\n\t\t\t\t\t\t\t<ul><li>Para solicitar convalidaciones es necesario estar matriculado en FP.\u00a0<span style=\"color: #0000ff;\"><em> El alumnado presentar\u00e1 solicitud de convalidaci\u00f3n, en la secretar\u00eda del centro, dirigida a la direcci\u00f3n del centro docente en el que se halle matriculado, seg\u00fan el modelo establecido en el\u00a0<b>anexo V (adjunto)\u00a0<\/b>del Real Decreto 1085\/2020, de 9 de diciembre,\u00a0<b>desde la fecha de\u00a0formalizaci\u00f3n de matr\u00edcula hasta transcurridos los primeros quince d\u00edas lectivos del curso escolar.<\/b>\u00a0En el caso excepcional de alumnos que formalicen matr\u00edcula una vez iniciadas las actividades lectivas, dispondr\u00e1n de los siguientes diez d\u00edas lectivos a contar a partir de la fecha de matr\u00edcula para realizar esta solicitud.<\/em><\/span><\/li><li>Se realizan todos los tr\u00e1mites en la Secretar\u00eda del centro.<\/li><li>Requisitos y condiciones.\u00a0<a href=\"https:\/\/www.todofp.es\/convalidaciones-equivalencias-homologaciones\/convalidaciones.html#cla-01-01\">Acceder<\/a><\/li><li>Solicitud de convalidaci\u00f3n. Anexo V.\u00a0<a href=\"https:\/\/drive.google.com\/file\/d\/17ztQNkxpCEV1l1pDI41WJLXcemA-8ZED\/view?usp=sharing\" target=\"_blank\" rel=\"noopener\">Descargar<\/a><\/li><li>Gu\u00eda para la convalidaci\u00f3n de m\u00f3dulos profesionales de formaci\u00f3n profesional 2024\/2025. <a href=\"https:\/\/drive.google.com\/file\/d\/1n3q3JnpgmyOdMI2j3kn33CgcD__olOrq\/view?usp=sharing\">Descargar<\/a><\/li><\/ul>\t\t\t\t\t\t<\/div>\n\t\t\t\t<\/div>\n\t\t\t\t<div class=\"elementor-element elementor-element-7d5aa0d elementor-widget elementor-widget-heading\" data-id=\"7d5aa0d\" data-element_type=\"widget\" data-widget_type=\"heading.default\">\n\t\t\t\t<div class=\"elementor-widget-container\">\n\t\t\t<h5 class=\"elementor-heading-title elementor-size-default\">Matr\u00edcula \/ Renuncia de convocatoria<\/h5>\t\t<\/div>\n\t\t\t\t<\/div>\n\t\t\t\t<div class=\"elementor-element elementor-element-281bde7 elementor-widget elementor-widget-text-editor\" data-id=\"281bde7\" data-element_type=\"widget\" data-widget_type=\"text-editor.default\">\n\t\t\t\t<div class=\"elementor-widget-container\">\n\t\t\t\t\t\t\t<ul><li>Solicitud de cancelaci\u00f3n de matr\u00edcula.\u00a0<a href=\"https:\/\/drive.google.com\/file\/d\/1L4RfnLd1IkvRhej3snBDzMd-fGbOTYTt\/view?usp=sharing\" target=\"_blank\" rel=\"noopener\">Descargar<\/a><\/li><li>Solicitud de renuncia de convocatoria.\u00a0<a href=\"https:\/\/drive.google.com\/file\/d\/1L6ryD0RiT6xxshi3hqzVEzaCWlutqW6b\/view?usp=sharing\" target=\"_blank\" rel=\"noopener\">Descargar<\/a><\/li><li><strong>Cancelaci\u00f3n de matr\u00edcula.<\/strong>\u00a0Se puede solicitar antes del transcurso de un mes desde el inicio de las actividades lectivas, tiene que ser de la totalidad de los m\u00f3dulos matriculados, no se admitir\u00e1 la cancelaci\u00f3n parcial. Se realiza mediante escrito dirigido al director. (<a href=\"https:\/\/www.bocm.es\/boletin\/CM_Orden_BOCM\/2022\/05\/04\/BOCM-20220504-34.PDF\">Art. 22 Orden 893\/022<\/a>).<\/li><li><strong>Renuncia de convocatoria.\u00a0<\/strong>Se puede realizar en cualquier momento del curso, hasta un mes antes de la evaluaci\u00f3n convocatoria ordinaria de junio, cumpliendo alguno de los requisitos establecidos. (<a href=\"https:\/\/www.bocm.es\/boletin\/CM_Orden_BOCM\/2022\/05\/04\/BOCM-20220504-34.PDF\">Art. 25. Orden 893\/2022<\/a>).<\/li><\/ul>\t\t\t\t\t\t<\/div>\n\t\t\t\t<\/div>\n\t\t\t\t<div class=\"elementor-element elementor-element-4f0aa4e elementor-widget elementor-widget-heading\" data-id=\"4f0aa4e\" data-element_type=\"widget\" data-widget_type=\"heading.default\">\n\t\t\t\t<div class=\"elementor-widget-container\">\n\t\t\t<h5 class=\"elementor-heading-title elementor-size-default\">Anulaci\u00f3n de matr\u00edcula por faltas de asistencia<\/h5>\t\t<\/div>\n\t\t\t\t<\/div>\n\t\t\t\t<div class=\"elementor-element elementor-element-9b0249c elementor-widget elementor-widget-text-editor\" data-id=\"9b0249c\" data-element_type=\"widget\" data-widget_type=\"text-editor.default\">\n\t\t\t\t<div class=\"elementor-widget-container\">\n\t\t\t\t\t\t\t<ul style=\"font-size: 16px; font-style: normal; font-weight: 400;\"><li style=\"font-size: 16px;\"><span style=\"font-weight: bold;\">Anulaci\u00f3n de matr\u00edcula por faltas de asistencia.\u00a0<\/span>(<a style=\"transition-property: all;\" href=\"https:\/\/www.bocm.es\/boletin\/CM_Orden_BOCM\/2022\/05\/04\/BOCM-20220504-34.PDF\">Art. 27. Orden 893\/2022<\/a>).<ul style=\"font-size: 16px; font-style: normal; font-weight: 400;\"><li>Si durante los diez primeros d\u00edas lectivos del curso acad\u00e9mico, un alumno ha acumulado siete d\u00edas lectivos completos, consecutivos o alternos, de faltas de asistencia no justificadas.<\/li><li>Quince d\u00edas lectivos de inasistencia continuada sin justificar a lo lago del curso.<\/li><li>15% de faltas no justificadas determina la anulaci\u00f3n de la matr\u00edcula. 15 por 100 de las horas de formaci\u00f3n en el centro educativo que correspondan al total de los m\u00f3dulos profesionales en que el alumno se halle matriculado, excluyendo los m\u00f3dulos profesionales pendientes de cursos anteriores.<\/li><\/ul><\/li><li><strong>P\u00e9rdida de la evaluaci\u00f3n continua.\u00a0<\/strong>Cuando el alumno haya recibido el tercer apercibimiento por faltas de asistencia, tal y como se establece en las normas del instituto, perder\u00e1 la evaluaci\u00f3n continua, teniendo derecho a la evaluaci\u00f3n final ordinaria y extraordinaria.<\/li><\/ul>\t\t\t\t\t\t<\/div>\n\t\t\t\t<\/div>\n\t\t\t\t\t<\/div>\n\t\t<\/div>\n\t\t\t\t\t\t\t<\/div>\n\t\t<\/section>\n\t\t\t\t\t<\/div>\n\t\t<\/div>\n\t\t\t\t\t\t\t<\/div>\n\t\t<\/section>\n\t\t\t\t\t\t\t<\/div>\n\t\t","protected":false},"excerpt":{"rendered":"<p>Tr\u00e1mites FCT. Exenci\u00f3n Instrucciones para la solicitud de exenci\u00f3n.\u00a0Descargar Solicitud de exenci\u00f3n m\u00f3dulo de FCT.\u00a0Descargar Informe del equipo docente. Descargar Resoluci\u00f3n de exenci\u00f3n del m\u00f3dulo de FCT. Descargar FCT. Aplazamiento de la calificaci\u00f3n Solicitud de aplazamiento de la calificaci\u00f3n de FCT.\u00a0Descargar FCT. Alta en el R\u00e9gimen General de la Seguridad Social Todo el alumnado matriculado &hellip;<\/p>\n<p class=\"read-more\"> <a class=\"\" href=\"https:\/\/ciclocae.iessapereaude.com\/?page_id=15\"> <span class=\"screen-reader-text\">Tr\u00e1mites<\/span> Leer m\u00e1s &raquo;<\/a><\/p>\n","protected":false},"author":1,"featured_media":0,"parent":0,"menu_order":0,"comment_status":"closed","ping_status":"closed","template":"","meta":{"site-sidebar-layout":"no-sidebar","site-content-layout":"page-builder","ast-site-content-layout":"","site-content-style":"default","site-sidebar-style":"default","ast-global-header-display":"","ast-banner-title-visibility":"","ast-main-header-display":"","ast-hfb-above-header-display":"","ast-hfb-below-header-display":"","ast-hfb-mobile-header-display":"","site-post-title":"disabled","ast-breadcrumbs-content":"","ast-featured-img":"disabled","footer-sml-layout":"","theme-transparent-header-meta":"","adv-header-id-meta":"","stick-header-meta":"","header-above-stick-meta":"","header-main-stick-meta":"","header-below-stick-meta":"","astra-migrate-meta-layouts":"","footnotes":""},"class_list":["post-15","page","type-page","status-publish","hentry"],"_links":{"self":[{"href":"https:\/\/ciclocae.iessapereaude.com\/index.php?rest_route=\/wp\/v2\/pages\/15","targetHints":{"allow":["GET"]}}],"collection":[{"href":"https:\/\/ciclocae.iessapereaude.com\/index.php?rest_route=\/wp\/v2\/pages"}],"about":[{"href":"https:\/\/ciclocae.iessapereaude.com\/index.php?rest_route=\/wp\/v2\/types\/page"}],"author":[{"embeddable":true,"href":"https:\/\/ciclocae.iessapereaude.com\/index.php?rest_route=\/wp\/v2\/users\/1"}],"replies":[{"embeddable":true,"href":"https:\/\/ciclocae.iessapereaude.com\/index.php?rest_route=%2Fwp%2Fv2%2Fcomments&post=15"}],"version-history":[{"count":92,"href":"https:\/\/ciclocae.iessapereaude.com\/index.php?rest_route=\/wp\/v2\/pages\/15\/revisions"}],"predecessor-version":[{"id":753,"href":"https:\/\/ciclocae.iessapereaude.com\/index.php?rest_route=\/wp\/v2\/pages\/15\/revisions\/753"}],"wp:attachment":[{"href":"https:\/\/ciclocae.iessapereaude.com\/index.php?rest_route=%2Fwp%2Fv2%2Fmedia&parent=15"}],"curies":[{"name":"wp","href":"https:\/\/api.w.org\/{rel}","templated":true}]}}