{"id":16,"date":"2023-08-23T19:04:36","date_gmt":"2023-08-23T17:04:36","guid":{"rendered":"https:\/\/ciclocae.iessapereaude.com\/?page_id=16"},"modified":"2025-01-28T19:22:40","modified_gmt":"2025-01-28T18:22:40","slug":"avisos-noticias","status":"publish","type":"page","link":"https:\/\/ciclocae.iessapereaude.com\/?page_id=16","title":{"rendered":"Avisos\/Noticias"},"content":{"rendered":"\t\t<div data-elementor-type=\"wp-page\" data-elementor-id=\"16\" class=\"elementor elementor-16\">\n\t\t\t\t\t\t\t\t\t<section class=\"elementor-section elementor-top-section elementor-element elementor-element-3fc0ed6 elementor-section-boxed elementor-section-height-default elementor-section-height-default\" data-id=\"3fc0ed6\" data-element_type=\"section\">\n\t\t\t\t\t\t<div class=\"elementor-container elementor-column-gap-default\">\n\t\t\t\t\t<div class=\"elementor-column elementor-col-100 elementor-top-column elementor-element elementor-element-a94b5db\" data-id=\"a94b5db\" data-element_type=\"column\">\n\t\t\t<div class=\"elementor-widget-wrap elementor-element-populated\">\n\t\t\t\t\t\t\t\t<div class=\"elementor-element elementor-element-0a80110 elementor-widget elementor-widget-heading\" data-id=\"0a80110\" data-element_type=\"widget\" data-widget_type=\"heading.default\">\n\t\t\t\t<div class=\"elementor-widget-container\">\n\t\t\t<style>\/*! elementor - v3.15.0 - 20-08-2023 *\/\n.elementor-heading-title{padding:0;margin:0;line-height:1}.elementor-widget-heading .elementor-heading-title[class*=elementor-size-]>a{color:inherit;font-size:inherit;line-height:inherit}.elementor-widget-heading .elementor-heading-title.elementor-size-small{font-size:15px}.elementor-widget-heading .elementor-heading-title.elementor-size-medium{font-size:19px}.elementor-widget-heading .elementor-heading-title.elementor-size-large{font-size:29px}.elementor-widget-heading .elementor-heading-title.elementor-size-xl{font-size:39px}.elementor-widget-heading .elementor-heading-title.elementor-size-xxl{font-size:59px}<\/style><h2 class=\"elementor-heading-title elementor-size-default\">Avisos \/ Noticias<\/h2>\t\t<\/div>\n\t\t\t\t<\/div>\n\t\t\t\t\t<\/div>\n\t\t<\/div>\n\t\t\t\t\t\t\t<\/div>\n\t\t<\/section>\n\t\t\t\t<section class=\"elementor-section elementor-top-section elementor-element elementor-element-393d6c2 elementor-section-boxed elementor-section-height-default elementor-section-height-default\" data-id=\"393d6c2\" data-element_type=\"section\">\n\t\t\t\t\t\t<div class=\"elementor-container elementor-column-gap-default\">\n\t\t\t\t\t<div class=\"elementor-column elementor-col-50 elementor-top-column elementor-element elementor-element-b36b950\" data-id=\"b36b950\" data-element_type=\"column\">\n\t\t\t<div class=\"elementor-widget-wrap elementor-element-populated\">\n\t\t\t\t\t\t\t\t<div class=\"elementor-element elementor-element-1d1e9d3 elementor-widget elementor-widget-heading\" data-id=\"1d1e9d3\" data-element_type=\"widget\" data-widget_type=\"heading.default\">\n\t\t\t\t<div class=\"elementor-widget-container\">\n\t\t\t<h4 class=\"elementor-heading-title elementor-size-default\">Avisos<\/h4>\t\t<\/div>\n\t\t\t\t<\/div>\n\t\t\t\t<div class=\"elementor-element elementor-element-31dad6a elementor-widget elementor-widget-image\" data-id=\"31dad6a\" data-element_type=\"widget\" data-widget_type=\"image.default\">\n\t\t\t\t<div class=\"elementor-widget-container\">\n\t\t\t<style>\/*! elementor - v3.15.0 - 20-08-2023 *\/\n.elementor-widget-image{text-align:center}.elementor-widget-image a{display:inline-block}.elementor-widget-image a img[src$=\".svg\"]{width:48px}.elementor-widget-image img{vertical-align:middle;display:inline-block}<\/style>\t\t\t\t\t\t\t\t\t\t\t\t<img loading=\"lazy\" decoding=\"async\" width=\"792\" height=\"1024\" src=\"https:\/\/ciclocae.iessapereaude.com\/wp-content\/uploads\/2024\/05\/Cartel-becas-Erasmus-FP-792x1024.jpg\" class=\"attachment-large size-large wp-image-390\" alt=\"\" srcset=\"https:\/\/ciclocae.iessapereaude.com\/wp-content\/uploads\/2024\/05\/Cartel-becas-Erasmus-FP-792x1024.jpg 792w, https:\/\/ciclocae.iessapereaude.com\/wp-content\/uploads\/2024\/05\/Cartel-becas-Erasmus-FP-232x300.jpg 232w, https:\/\/ciclocae.iessapereaude.com\/wp-content\/uploads\/2024\/05\/Cartel-becas-Erasmus-FP-768x993.jpg 768w, https:\/\/ciclocae.iessapereaude.com\/wp-content\/uploads\/2024\/05\/Cartel-becas-Erasmus-FP-1187x1536.jpg 1187w, https:\/\/ciclocae.iessapereaude.com\/wp-content\/uploads\/2024\/05\/Cartel-becas-Erasmus-FP.jpg 1240w\" sizes=\"auto, (max-width: 792px) 100vw, 792px\" \/>\t\t\t\t\t\t\t\t\t\t\t\t\t\t\t<\/div>\n\t\t\t\t<\/div>\n\t\t\t\t<div class=\"elementor-element elementor-element-438afd2 elementor-widget elementor-widget-text-editor\" data-id=\"438afd2\" data-element_type=\"widget\" data-widget_type=\"text-editor.default\">\n\t\t\t\t<div class=\"elementor-widget-container\">\n\t\t\t<style>\/*! elementor - v3.15.0 - 20-08-2023 *\/\n.elementor-widget-text-editor.elementor-drop-cap-view-stacked .elementor-drop-cap{background-color:#69727d;color:#fff}.elementor-widget-text-editor.elementor-drop-cap-view-framed .elementor-drop-cap{color:#69727d;border:3px solid;background-color:transparent}.elementor-widget-text-editor:not(.elementor-drop-cap-view-default) .elementor-drop-cap{margin-top:8px}.elementor-widget-text-editor:not(.elementor-drop-cap-view-default) .elementor-drop-cap-letter{width:1em;height:1em}.elementor-widget-text-editor .elementor-drop-cap{float:left;text-align:center;line-height:1;font-size:50px}.elementor-widget-text-editor .elementor-drop-cap-letter{display:inline-block}<\/style>\t\t\t\t<h4>Convocatorias para el curso 2024-2025<\/h4><h5><strong>Convocatoria profesores y personal de FP<\/strong><\/h5><p>Dirigida a personal docente y no docente vinculado a FP de Grado Medio.<br \/><strong>Publicaci\u00f3n de bases<\/strong>\u00a0el 22 de enero de 2025<br \/><strong>Solicitud telem\u00e1tica<\/strong>\u00a0del 29 de enero al 5 de febrero de 2025<br \/><strong>Publicaci\u00f3n de resoluci\u00f3n<\/strong>\u00a0el 5 de marzo de 2025<br \/>Viaje previsto en mayo de 2025<br \/>Duraci\u00f3n: 7 d\u00edas<br \/>Modalidad job shadowing o talleres formativos<br \/><a href=\"https:\/\/www.fundacionmontemadrid.es\/convocatoria\/convocatoria-eurobecas-fp-2\/\">M\u00e1s informaci\u00f3n<\/a><\/p><h5><strong>Convocatoria Primavera y Pro 2025. <a style=\"box-sizing: border-box; background-color: transparent; text-decoration: underline; color: var(--ast-global-color-0); transition: all 0.2s linear 0s; box-shadow: none; font-family: var( --e-global-typography-text-font-family ), Sans-serif; font-weight: var( --e-global-typography-text-font-weight ); font-size: 1rem;\" href=\"https:\/\/www.fundacionmontemadrid.es\/convocatoria\/convocatoria-eurobecas-fp-2\/\" target=\"_blank\" rel=\"noopener\">M\u00e1s informaci\u00f3n<\/a><\/strong><\/h5><ul><li>Resoluci\u00f3n de la <a href=\"https:\/\/www.fundacionmontemadrid.es\/2024\/11\/13\/una-nueva-oportunidad-para-aprender-en-europa\/\">convocatoria<\/a> y el <a href=\"https:\/\/www.fundacionmontemadrid.es\/convocatoria\/convocatoria-eurobecas-fp-2\/\">listado de los seleccionados\u00a0<\/a><\/li><li style=\"box-sizing: border-box; border: 0px; font-size: 16px; font-style: normal; font-weight: 400; outline: 0px; vertical-align: baseline; color: #7a7a7a; font-family: Roboto, sans-serif; font-variant-ligatures: normal; font-variant-caps: normal; letter-spacing: normal; orphans: 2; text-align: start; text-indent: 0px; text-transform: none; widows: 2; word-spacing: 0px; -webkit-text-stroke-width: 0px; white-space: normal; background-color: #ffffff; text-decoration-thickness: initial; text-decoration-style: initial; text-decoration-color: initial;\">Dirigidas a estudiantes de FP Grado Medio<br \/><strong>Publicaci\u00f3n de bases<\/strong>\u00a0el 26 de septiembre<br \/><strong>Solicitud telem\u00e1tica<\/strong>\u00a0(para ambas, primavera y pro) del 9 de octubre al 16 de octubre de 2024<br \/><strong>Publicaci\u00f3n de resoluci\u00f3n<\/strong>\u00a0el 11 de noviembre de 2024<br \/>Viaje previsto en abril de 2025<br \/>La Beca Erasmus+ de primavera tiene una duraci\u00f3n de 75 d\u00edas<br \/>La Beca Erasmus+ Pro tiene una duraci\u00f3n de 142 d\u00edas<\/li><\/ul><h5><strong>Convocatoria Oto\u00f1o 2024<\/strong><\/h5><p>\u00a1Enhorabuena! Dos de nuestros alumnos del Ciclo de Cuidados Auxiliares de Enfermer\u00eda que se imparte en el IES Sapere Aude, han conseguido una beca para realizar las pr\u00e1cticas en Vicenza, Italia, en el marco del Programa Erasmus+.\u00a0 El programa cubre los gastos de desplazamiento, alojamiento y dinero de bolsillo, durante 96 d\u00edas, adem\u00e1s de facilitar la empresa en la que se llevar\u00e1n a cabo las pr\u00e1cticas.<\/p><ul><li>Instrucciones. <a href=\"https:\/\/drive.google.com\/file\/d\/1YnY5dY7ml4quHkyKS3xeFLQvmpq7-4gf\/view?usp=sharing\">Descargar<\/a><\/li><li>Informaci\u00f3n Becas Fundaci\u00f3n Montemadrid.\u00a0<a href=\"https:\/\/www.fundacionmontemadrid.es\/convocatoria\/convocatoria-eurobecas-fp-2\/\">Acceder<\/a><\/li><li>Pasos para el alta en la solicitud online.\u00a0<a href=\"https:\/\/drive.google.com\/file\/d\/1FC6dW8mMRMVnVd9fRVJl2jlaFGYi5N-L\/view?usp=sharing\">Descargar<\/a><\/li><li>Acceso a la solicitud online.\u00a0<a href=\"https:\/\/solicitudbecas.fundacionmontemadrid.es\/\">Acceder<\/a><\/li><li>Curr\u00edculum vitae con el modelo oficial Europass.<ul><li style=\"list-style-type: none;\"><ul><li><a href=\"https:\/\/europa.eu\/europass\/eportfolio\/screen\/cv-editor?lang=es\">Acceder al modelo espa\u00f1ol\u00a0<\/a><\/li><li><a href=\"https:\/\/europa.eu\/europass\/eportfolio\/screen\/cv-editor?lang=en\">Acceder al modelo\u00a0 ingl\u00e9s<\/a><\/li><\/ul><\/li><\/ul><\/li><li>Consejos generales para preparar la entrevista. <a href=\"https:\/\/www.european-funding-guide.eu\/es\/art%C3%ADculos\/c%C3%B3mo-solicitar\/Entrevista-personal-%E2%80%93-Consejos-generales\">Acceder<\/a><\/li><\/ul><p><strong>Convocatorias para el curso 2023-2024<\/strong><\/p><ul style=\"font-size: 15px; font-style: normal; font-weight: 400; margin: 0px 0px 1.5em 20px; padding: 0px;\"><li>Convocatoria de becas de movilidad para personal del CAE 23-24. <a href=\"https:\/\/drive.google.com\/file\/d\/14Q8mn2ZMz_GRUE3pma3mtuQcb8GJLIYv\/view?usp=sharing\">Descargar<\/a><\/li><li>Convocatoria de becas Erasmus+ para alumnado del CAE 23-24. <a href=\"https:\/\/drive.google.com\/file\/d\/10XJIc8zWFdz5BKWjkK6OswmT3CzvDEcd\/view?usp=sharing\">Descargar<\/a><\/li><li style=\"font-size: 15px;\">Becas y ayudas a alumnos de niveles postobligatorios. Curso 2023-2024. Plazo finalizado.\u00a0<a href=\"https:\/\/www.educacionyfp.gob.es\/servicios-al-ciudadano\/catalogo\/general\/05\/050130\/ficha\/050130-2023.html\">Acceder<\/a><\/li><\/ul>\t\t\t\t\t\t<\/div>\n\t\t\t\t<\/div>\n\t\t\t\t\t<\/div>\n\t\t<\/div>\n\t\t\t\t<div class=\"elementor-column elementor-col-50 elementor-top-column elementor-element elementor-element-b0012b3\" data-id=\"b0012b3\" data-element_type=\"column\">\n\t\t\t<div class=\"elementor-widget-wrap elementor-element-populated\">\n\t\t\t\t\t\t\t\t<div class=\"elementor-element elementor-element-5b0fcd1 elementor-widget elementor-widget-heading\" data-id=\"5b0fcd1\" data-element_type=\"widget\" data-widget_type=\"heading.default\">\n\t\t\t\t<div class=\"elementor-widget-container\">\n\t\t\t<h4 class=\"elementor-heading-title elementor-size-default\">Noticias<\/h4>\t\t<\/div>\n\t\t\t\t<\/div>\n\t\t\t\t<div class=\"elementor-element elementor-element-ccdec27 elementor-widget elementor-widget-text-editor\" data-id=\"ccdec27\" data-element_type=\"widget\" data-widget_type=\"text-editor.default\">\n\t\t\t\t<div class=\"elementor-widget-container\">\n\t\t\t\t\t\t\t<p><strong>XV Feria de Empleo para personas con discapacidad de la Comunidad de Madrid.\u00a0<\/strong><a href=\"https:\/\/www.empleoydiscapacidad.es\/actividades__trashed\/role-play-entradas\/\">Acceder<\/a><\/p><p><strong>CEDEFOP. <\/strong>El centro europeo para el desarrollo de la formaci\u00f3n profesional.\u00a0<a style=\"font-family: var( --e-global-typography-text-font-family ), Sans-serif; font-weight: var( --e-global-typography-text-font-weight ); font-size: 1rem;\" href=\"http:\/\/sepie.es\/doc\/newsletter\/2024\/57\/info_cedefop.pdf\" target=\"_blank\" rel=\"noopener\">Acceder<\/a><\/p><p><strong>Cursos<\/strong><\/p><ul><li>Curso de Celador. <a href=\"https:\/\/www.opositor.com\/como-ser-celador\/7890\">Informaci\u00f3n<\/a><\/li><li class=\"wp-block-heading\">Cursos FNN, formaci\u00f3n online para profesionales sanitarios<strong>.<\/strong> <a href=\"https:\/\/cursosfnn.com\/\">Acceder<\/a><\/li><li>Cursos Aspasia. <a href=\"https:\/\/descargas.grupoaspasia.com\/cursos-sanidad-nov23-mad\/\">Acceder<\/a><\/li><\/ul>\t\t\t\t\t\t<\/div>\n\t\t\t\t<\/div>\n\t\t\t\t<div class=\"elementor-element elementor-element-f5c035e elementor-widget-divider--view-line elementor-widget elementor-widget-divider\" data-id=\"f5c035e\" data-element_type=\"widget\" data-widget_type=\"divider.default\">\n\t\t\t\t<div class=\"elementor-widget-container\">\n\t\t\t<style>\/*! elementor - v3.15.0 - 20-08-2023 *\/\n.elementor-widget-divider{--divider-border-style:none;--divider-border-width:1px;--divider-color:#0c0d0e;--divider-icon-size:20px;--divider-element-spacing:10px;--divider-pattern-height:24px;--divider-pattern-size:20px;--divider-pattern-url:none;--divider-pattern-repeat:repeat-x}.elementor-widget-divider .elementor-divider{display:flex}.elementor-widget-divider .elementor-divider__text{font-size:15px;line-height:1;max-width:95%}.elementor-widget-divider .elementor-divider__element{margin:0 var(--divider-element-spacing);flex-shrink:0}.elementor-widget-divider .elementor-icon{font-size:var(--divider-icon-size)}.elementor-widget-divider .elementor-divider-separator{display:flex;margin:0;direction:ltr}.elementor-widget-divider--view-line_icon .elementor-divider-separator,.elementor-widget-divider--view-line_text .elementor-divider-separator{align-items:center}.elementor-widget-divider--view-line_icon .elementor-divider-separator:after,.elementor-widget-divider--view-line_icon .elementor-divider-separator:before,.elementor-widget-divider--view-line_text .elementor-divider-separator:after,.elementor-widget-divider--view-line_text .elementor-divider-separator:before{display:block;content:\"\";border-bottom:0;flex-grow:1;border-top:var(--divider-border-width) var(--divider-border-style) var(--divider-color)}.elementor-widget-divider--element-align-left .elementor-divider .elementor-divider-separator>.elementor-divider__svg:first-of-type{flex-grow:0;flex-shrink:100}.elementor-widget-divider--element-align-left .elementor-divider-separator:before{content:none}.elementor-widget-divider--element-align-left .elementor-divider__element{margin-left:0}.elementor-widget-divider--element-align-right .elementor-divider .elementor-divider-separator>.elementor-divider__svg:last-of-type{flex-grow:0;flex-shrink:100}.elementor-widget-divider--element-align-right .elementor-divider-separator:after{content:none}.elementor-widget-divider--element-align-right .elementor-divider__element{margin-right:0}.elementor-widget-divider:not(.elementor-widget-divider--view-line_text):not(.elementor-widget-divider--view-line_icon) .elementor-divider-separator{border-top:var(--divider-border-width) var(--divider-border-style) var(--divider-color)}.elementor-widget-divider--separator-type-pattern{--divider-border-style:none}.elementor-widget-divider--separator-type-pattern.elementor-widget-divider--view-line .elementor-divider-separator,.elementor-widget-divider--separator-type-pattern:not(.elementor-widget-divider--view-line) .elementor-divider-separator:after,.elementor-widget-divider--separator-type-pattern:not(.elementor-widget-divider--view-line) .elementor-divider-separator:before,.elementor-widget-divider--separator-type-pattern:not([class*=elementor-widget-divider--view]) .elementor-divider-separator{width:100%;min-height:var(--divider-pattern-height);-webkit-mask-size:var(--divider-pattern-size) 100%;mask-size:var(--divider-pattern-size) 100%;-webkit-mask-repeat:var(--divider-pattern-repeat);mask-repeat:var(--divider-pattern-repeat);background-color:var(--divider-color);-webkit-mask-image:var(--divider-pattern-url);mask-image:var(--divider-pattern-url)}.elementor-widget-divider--no-spacing{--divider-pattern-size:auto}.elementor-widget-divider--bg-round{--divider-pattern-repeat:round}.rtl .elementor-widget-divider .elementor-divider__text{direction:rtl}.e-con-inner>.elementor-widget-divider,.e-con>.elementor-widget-divider{width:var(--container-widget-width,100%);--flex-grow:var(--container-widget-flex-grow)}<\/style>\t\t<div class=\"elementor-divider\">\n\t\t\t<span class=\"elementor-divider-separator\">\n\t\t\t\t\t\t<\/span>\n\t\t<\/div>\n\t\t\t\t<\/div>\n\t\t\t\t<\/div>\n\t\t\t\t\t<\/div>\n\t\t<\/div>\n\t\t\t\t\t\t\t<\/div>\n\t\t<\/section>\n\t\t\t\t\t\t\t<\/div>\n\t\t","protected":false},"excerpt":{"rendered":"<p>Avisos \/ Noticias Avisos Convocatorias para el curso 2024-2025 Convocatoria profesores y personal de FP Dirigida a personal docente y no docente vinculado a FP de Grado Medio.Publicaci\u00f3n de bases\u00a0el 22 de enero de 2025Solicitud telem\u00e1tica\u00a0del 29 de enero al 5 de febrero de 2025Publicaci\u00f3n de resoluci\u00f3n\u00a0el 5 de marzo de 2025Viaje previsto en mayo &hellip;<\/p>\n<p class=\"read-more\"> <a class=\"\" href=\"https:\/\/ciclocae.iessapereaude.com\/?page_id=16\"> <span class=\"screen-reader-text\">Avisos\/Noticias<\/span> Leer m\u00e1s &raquo;<\/a><\/p>\n","protected":false},"author":1,"featured_media":0,"parent":0,"menu_order":0,"comment_status":"closed","ping_status":"closed","template":"","meta":{"site-sidebar-layout":"no-sidebar","site-content-layout":"page-builder","ast-site-content-layout":"","site-content-style":"default","site-sidebar-style":"default","ast-global-header-display":"","ast-banner-title-visibility":"","ast-main-header-display":"","ast-hfb-above-header-display":"","ast-hfb-below-header-display":"","ast-hfb-mobile-header-display":"","site-post-title":"disabled","ast-breadcrumbs-content":"","ast-featured-img":"disabled","footer-sml-layout":"","theme-transparent-header-meta":"","adv-header-id-meta":"","stick-header-meta":"","header-above-stick-meta":"","header-main-stick-meta":"","header-below-stick-meta":"","astra-migrate-meta-layouts":"","footnotes":""},"class_list":["post-16","page","type-page","status-publish","hentry"],"_links":{"self":[{"href":"https:\/\/ciclocae.iessapereaude.com\/index.php?rest_route=\/wp\/v2\/pages\/16","targetHints":{"allow":["GET"]}}],"collection":[{"href":"https:\/\/ciclocae.iessapereaude.com\/index.php?rest_route=\/wp\/v2\/pages"}],"about":[{"href":"https:\/\/ciclocae.iessapereaude.com\/index.php?rest_route=\/wp\/v2\/types\/page"}],"author":[{"embeddable":true,"href":"https:\/\/ciclocae.iessapereaude.com\/index.php?rest_route=\/wp\/v2\/users\/1"}],"replies":[{"embeddable":true,"href":"https:\/\/ciclocae.iessapereaude.com\/index.php?rest_route=%2Fwp%2Fv2%2Fcomments&post=16"}],"version-history":[{"count":82,"href":"https:\/\/ciclocae.iessapereaude.com\/index.php?rest_route=\/wp\/v2\/pages\/16\/revisions"}],"predecessor-version":[{"id":726,"href":"https:\/\/ciclocae.iessapereaude.com\/index.php?rest_route=\/wp\/v2\/pages\/16\/revisions\/726"}],"wp:attachment":[{"href":"https:\/\/ciclocae.iessapereaude.com\/index.php?rest_route=%2Fwp%2Fv2%2Fmedia&parent=16"}],"curies":[{"name":"wp","href":"https:\/\/api.w.org\/{rel}","templated":true}]}}